{"id":241,"date":"2019-07-20T12:19:21","date_gmt":"2019-07-20T12:19:21","guid":{"rendered":"https:\/\/hudeltage.de\/?page_id=241"},"modified":"2019-07-20T12:19:21","modified_gmt":"2019-07-20T12:19:21","slug":"uebersicht","status":"publish","type":"page","link":"https:\/\/hudeltage.de\/?page_id=241","title":{"rendered":"\u00dcbersicht"},"content":{"rendered":"<div id=\"upl-list-75\" class=\"upl-list\">\n<ul>\n<li><div class=\"upl-post-thumbnail\"><a href=\"https:\/\/hudeltage.de\/?p=1\"><img loading=\"lazy\" decoding=\"async\" width=\"75\" height=\"75\" src=\"https:\/\/hudeltage.de\/wp-content\/uploads\/2019\/06\/logo-150x150.png\" class=\"attachment-75x75 size-75x75 wp-post-image\" alt=\"\" \/><\/a><\/div><div class=\"upl-post-title\"><a href=\"https:\/\/hudeltage.de\/?p=1\">Hudeltage<\/a><\/div><\/li>\n<li><div class=\"upl-post-thumbnail\"><a href=\"https:\/\/hudeltage.de\/?p=119\"><img loading=\"lazy\" decoding=\"async\" width=\"75\" height=\"75\" src=\"https:\/\/hudeltage.de\/wp-content\/uploads\/2019\/07\/signal-2019-07-14-223312-1-1-e1563435357817-150x150.jpg\" class=\"attachment-75x75 size-75x75 wp-post-image\" alt=\"\" \/><\/a><\/div><div class=\"upl-post-title\"><a href=\"https:\/\/hudeltage.de\/?p=119\">Vorbereitungen<\/a><\/div><\/li>\n<li><div class=\"upl-post-thumbnail\"><a href=\"https:\/\/hudeltage.de\/?p=157\"><img loading=\"lazy\" decoding=\"async\" width=\"75\" height=\"75\" src=\"https:\/\/hudeltage.de\/wp-content\/uploads\/2019\/07\/signal-2019-07-19-161934-e1563546133540-150x150.jpg\" class=\"attachment-75x75 size-75x75 wp-post-image\" alt=\"\" \/><\/a><\/div><div class=\"upl-post-title\"><a href=\"https:\/\/hudeltage.de\/?p=157\">Aufbruch<\/a><\/div><\/li>\n<li><div class=\"upl-post-thumbnail\"><a href=\"https:\/\/hudeltage.de\/?p=152\"><img loading=\"lazy\" decoding=\"async\" width=\"75\" height=\"75\" src=\"https:\/\/hudeltage.de\/wp-content\/uploads\/2019\/07\/signal-2019-07-19-163937-150x150.jpg\" class=\"attachment-75x75 size-75x75 wp-post-image\" alt=\"\" \/><\/a><\/div><div class=\"upl-post-title\"><a href=\"https:\/\/hudeltage.de\/?p=152\">Lengerich<\/a><\/div><\/li>\n<li><div class=\"upl-post-thumbnail\"><a href=\"https:\/\/hudeltage.de\/?p=159\"><img loading=\"lazy\" decoding=\"async\" width=\"75\" height=\"75\" src=\"https:\/\/hudeltage.de\/wp-content\/uploads\/2019\/07\/signal-2019-07-17-181705-150x150.jpg\" class=\"attachment-75x75 size-75x75 wp-post-image\" alt=\"\" \/><\/a><\/div><div class=\"upl-post-title\"><a href=\"https:\/\/hudeltage.de\/?p=159\">Nabern<\/a><\/div><\/li>\n<li><div class=\"upl-post-thumbnail\"><a href=\"https:\/\/hudeltage.de\/?p=126\"><img loading=\"lazy\" decoding=\"async\" width=\"75\" height=\"75\" src=\"https:\/\/hudeltage.de\/wp-content\/uploads\/2019\/07\/graz_3-150x150.jpg\" class=\"attachment-75x75 size-75x75 wp-post-image\" alt=\"\" \/><\/a><\/div><div class=\"upl-post-title\"><a href=\"https:\/\/hudeltage.de\/?p=126\">Graz<\/a><\/div><\/li>\n<li><div class=\"upl-post-thumbnail\"><a href=\"https:\/\/hudeltage.de\/?p=15\"><img loading=\"lazy\" decoding=\"async\" width=\"75\" height=\"75\" src=\"https:\/\/hudeltage.de\/wp-content\/uploads\/2019\/06\/maribor_2-150x150.jpg\" class=\"attachment-75x75 size-75x75 wp-post-image\" alt=\"\" \/><\/a><\/div><div class=\"upl-post-title\"><a href=\"https:\/\/hudeltage.de\/?p=15\">Maribor<\/a><\/div><\/li>\n<li><div class=\"upl-post-thumbnail\"><a href=\"https:\/\/hudeltage.de\/?p=54\"><img loading=\"lazy\" decoding=\"async\" width=\"75\" height=\"75\" src=\"https:\/\/hudeltage.de\/wp-content\/uploads\/2019\/06\/IMG_8253-150x150.jpg\" class=\"attachment-75x75 size-75x75 wp-post-image\" alt=\"\" \/><\/a><\/div><div class=\"upl-post-title\"><a href=\"https:\/\/hudeltage.de\/?p=54\">Ljubljana<\/a><\/div><\/li>\n<li><div class=\"upl-post-thumbnail\"><a href=\"https:\/\/hudeltage.de\/?p=16\"><img loading=\"lazy\" decoding=\"async\" width=\"75\" height=\"75\" src=\"https:\/\/hudeltage.de\/wp-content\/uploads\/2019\/06\/IMG_8306-150x150.jpg\" class=\"attachment-75x75 size-75x75 wp-post-image\" alt=\"\" \/><\/a><\/div><div class=\"upl-post-title\"><a href=\"https:\/\/hudeltage.de\/?p=16\">Bled<\/a><\/div><\/li>\n<li><div class=\"upl-post-thumbnail\"><a href=\"https:\/\/hudeltage.de\/?p=59\"><img loading=\"lazy\" decoding=\"async\" width=\"75\" height=\"75\" src=\"https:\/\/hudeltage.de\/wp-content\/uploads\/2019\/06\/signal-2019-06-28-202800-150x150.jpg\" class=\"attachment-75x75 size-75x75 wp-post-image\" alt=\"\" \/><\/a><\/div><div class=\"upl-post-title\"><a href=\"https:\/\/hudeltage.de\/?p=59\">Unser erster Pass<\/a><\/div><\/li>\n<li><div class=\"upl-post-thumbnail\"><a href=\"https:\/\/hudeltage.de\/?p=175\"><img loading=\"lazy\" decoding=\"async\" width=\"75\" height=\"75\" src=\"https:\/\/hudeltage.de\/wp-content\/uploads\/2019\/07\/signal-2019-07-18-122416-3-150x150.jpg\" class=\"attachment-75x75 size-75x75 wp-post-image\" alt=\"\" \/><\/a><\/div><div class=\"upl-post-title\"><a href=\"https:\/\/hudeltage.de\/?p=175\">So\u010da-Tal<\/a><\/div><\/li>\n<li><div class=\"upl-post-thumbnail\"><a href=\"https:\/\/hudeltage.de\/?p=21\"><img loading=\"lazy\" decoding=\"async\" width=\"75\" height=\"75\" src=\"https:\/\/hudeltage.de\/wp-content\/uploads\/2019\/06\/postonja_4-150x150.jpg\" class=\"attachment-75x75 size-75x75 wp-post-image\" alt=\"\" \/><\/a><\/div><div class=\"upl-post-title\"><a href=\"https:\/\/hudeltage.de\/?p=21\">H\u00f6hlen von Postonja<\/a><\/div><\/li>\n<li><div class=\"upl-post-thumbnail\"><a href=\"https:\/\/hudeltage.de\/?p=43\"><img loading=\"lazy\" decoding=\"async\" width=\"75\" height=\"75\" src=\"https:\/\/hudeltage.de\/wp-content\/uploads\/2019\/06\/panne_1-150x150.jpeg\" class=\"attachment-75x75 size-75x75 wp-post-image\" alt=\"\" \/><\/a><\/div><div class=\"upl-post-title\"><a href=\"https:\/\/hudeltage.de\/?p=43\">Die erste Panne<\/a><\/div><\/li>\n<li><div class=\"upl-post-thumbnail\"><a href=\"https:\/\/hudeltage.de\/?p=77\"><img loading=\"lazy\" decoding=\"async\" width=\"75\" height=\"75\" src=\"https:\/\/hudeltage.de\/wp-content\/uploads\/2019\/07\/plitvica_9-150x150.jpg\" class=\"attachment-75x75 size-75x75 wp-post-image\" alt=\"\" \/><\/a><\/div><div class=\"upl-post-title\"><a href=\"https:\/\/hudeltage.de\/?p=77\">Plitvicer Seen<\/a><\/div><\/li>\n<li><div class=\"upl-post-thumbnail\"><a href=\"https:\/\/hudeltage.de\/?p=78\"><img loading=\"lazy\" decoding=\"async\" width=\"75\" height=\"75\" src=\"https:\/\/hudeltage.de\/wp-content\/uploads\/2019\/07\/zadar_3-150x150.jpg\" class=\"attachment-75x75 size-75x75 wp-post-image\" alt=\"\" \/><\/a><\/div><div class=\"upl-post-title\"><a href=\"https:\/\/hudeltage.de\/?p=78\">Zadar<\/a><\/div><\/li>\n<li><div class=\"upl-post-thumbnail\"><a href=\"https:\/\/hudeltage.de\/?p=80\"><img loading=\"lazy\" decoding=\"async\" width=\"75\" height=\"75\" src=\"https:\/\/hudeltage.de\/wp-content\/uploads\/2019\/07\/iz_2-150x150.jpg\" class=\"attachment-75x75 size-75x75 wp-post-image\" alt=\"\" \/><\/a><\/div><div class=\"upl-post-title\"><a href=\"https:\/\/hudeltage.de\/?p=80\">I\u017e<\/a><\/div><\/li>\n<li><div class=\"upl-post-thumbnail\"><a href=\"https:\/\/hudeltage.de\/?p=90\"><img loading=\"lazy\" decoding=\"async\" width=\"75\" height=\"75\" src=\"https:\/\/hudeltage.de\/wp-content\/uploads\/2019\/07\/sibenik_2-88x88.jpg\" class=\"attachment-75x75 size-75x75 wp-post-image\" alt=\"\" srcset=\"https:\/\/hudeltage.de\/wp-content\/uploads\/2019\/07\/sibenik_2-88x88.jpg 88w, https:\/\/hudeltage.de\/wp-content\/uploads\/2019\/07\/sibenik_2-150x150.jpg 150w\" sizes=\"auto, (max-width: 75px) 100vw, 75px\" \/><\/a><\/div><div class=\"upl-post-title\"><a href=\"https:\/\/hudeltage.de\/?p=90\">\u0160ibenik<\/a><\/div><\/li>\n<li><div class=\"upl-post-thumbnail\"><a href=\"https:\/\/hudeltage.de\/?p=92\"><img loading=\"lazy\" decoding=\"async\" width=\"75\" height=\"75\" src=\"https:\/\/hudeltage.de\/wp-content\/uploads\/2019\/07\/split_2-88x88.jpg\" class=\"attachment-75x75 size-75x75 wp-post-image\" alt=\"\" srcset=\"https:\/\/hudeltage.de\/wp-content\/uploads\/2019\/07\/split_2-88x88.jpg 88w, https:\/\/hudeltage.de\/wp-content\/uploads\/2019\/07\/split_2-150x150.jpg 150w\" sizes=\"auto, (max-width: 75px) 100vw, 75px\" \/><\/a><\/div><div class=\"upl-post-title\"><a href=\"https:\/\/hudeltage.de\/?p=92\">Split<\/a><\/div><\/li>\n<li><div class=\"upl-post-thumbnail\"><a href=\"https:\/\/hudeltage.de\/?p=113\"><img loading=\"lazy\" decoding=\"async\" width=\"75\" height=\"75\" src=\"https:\/\/hudeltage.de\/wp-content\/uploads\/2019\/08\/mostar_7-88x88.jpg\" class=\"attachment-75x75 size-75x75 wp-post-image\" alt=\"\" srcset=\"https:\/\/hudeltage.de\/wp-content\/uploads\/2019\/08\/mostar_7-88x88.jpg 88w, https:\/\/hudeltage.de\/wp-content\/uploads\/2019\/08\/mostar_7-150x150.jpg 150w\" sizes=\"auto, (max-width: 75px) 100vw, 75px\" \/><\/a><\/div><div class=\"upl-post-title\"><a href=\"https:\/\/hudeltage.de\/?p=113\">Mostar<\/a><\/div><\/li>\n<li><div class=\"upl-post-thumbnail\"><a href=\"https:\/\/hudeltage.de\/?p=325\"><img loading=\"lazy\" decoding=\"async\" width=\"75\" height=\"75\" src=\"https:\/\/hudeltage.de\/wp-content\/uploads\/2019\/08\/sarajevo_2-88x88.jpg\" class=\"attachment-75x75 size-75x75 wp-post-image\" alt=\"\" srcset=\"https:\/\/hudeltage.de\/wp-content\/uploads\/2019\/08\/sarajevo_2-88x88.jpg 88w, https:\/\/hudeltage.de\/wp-content\/uploads\/2019\/08\/sarajevo_2-150x150.jpg 150w\" sizes=\"auto, (max-width: 75px) 100vw, 75px\" \/><\/a><\/div><div class=\"upl-post-title\"><a href=\"https:\/\/hudeltage.de\/?p=325\">Sarajevo<\/a><\/div><\/li>\n<li><div class=\"upl-post-thumbnail\"><a href=\"https:\/\/hudeltage.de\/?p=338\"><img loading=\"lazy\" decoding=\"async\" width=\"75\" height=\"75\" src=\"https:\/\/hudeltage.de\/wp-content\/uploads\/2019\/08\/foca_4-88x88.jpg\" class=\"attachment-75x75 size-75x75 wp-post-image\" alt=\"\" srcset=\"https:\/\/hudeltage.de\/wp-content\/uploads\/2019\/08\/foca_4-88x88.jpg 88w, https:\/\/hudeltage.de\/wp-content\/uploads\/2019\/08\/foca_4-150x150.jpg 150w\" sizes=\"auto, (max-width: 75px) 100vw, 75px\" \/><\/a><\/div><div class=\"upl-post-title\"><a href=\"https:\/\/hudeltage.de\/?p=338\">Fo\u010da und Rafting<\/a><\/div><\/li>\n<li><div class=\"upl-post-thumbnail\"><a href=\"https:\/\/hudeltage.de\/?p=340\"><img loading=\"lazy\" decoding=\"async\" width=\"75\" height=\"75\" src=\"https:\/\/hudeltage.de\/wp-content\/uploads\/2019\/08\/visegrad-88x88.jpg\" class=\"attachment-75x75 size-75x75 wp-post-image\" alt=\"\" srcset=\"https:\/\/hudeltage.de\/wp-content\/uploads\/2019\/08\/visegrad-88x88.jpg 88w, https:\/\/hudeltage.de\/wp-content\/uploads\/2019\/08\/visegrad-150x150.jpg 150w\" sizes=\"auto, (max-width: 75px) 100vw, 75px\" \/><\/a><\/div><div class=\"upl-post-title\"><a href=\"https:\/\/hudeltage.de\/?p=340\">Vi\u0161egrad, Andri\u0107grad und K\u00fcstendorf<\/a><\/div><\/li>\n<li><div class=\"upl-post-thumbnail\"><a href=\"https:\/\/hudeltage.de\/?p=347\"><img loading=\"lazy\" decoding=\"async\" width=\"75\" height=\"75\" src=\"https:\/\/hudeltage.de\/wp-content\/uploads\/2019\/08\/durmitor_2-88x88.jpg\" class=\"attachment-75x75 size-75x75 wp-post-image\" alt=\"\" srcset=\"https:\/\/hudeltage.de\/wp-content\/uploads\/2019\/08\/durmitor_2-88x88.jpg 88w, https:\/\/hudeltage.de\/wp-content\/uploads\/2019\/08\/durmitor_2-150x150.jpg 150w\" sizes=\"auto, (max-width: 75px) 100vw, 75px\" \/><\/a><\/div><div class=\"upl-post-title\"><a href=\"https:\/\/hudeltage.de\/?p=347\">Durmitor Nationalpark<\/a><\/div><\/li>\n<li><div class=\"upl-post-thumbnail\"><a href=\"https:\/\/hudeltage.de\/?p=349\"><img loading=\"lazy\" decoding=\"async\" width=\"75\" height=\"75\" src=\"https:\/\/hudeltage.de\/wp-content\/uploads\/2019\/08\/kanu_1-88x88.jpg\" class=\"attachment-75x75 size-75x75 wp-post-image\" alt=\"\" srcset=\"https:\/\/hudeltage.de\/wp-content\/uploads\/2019\/08\/kanu_1-88x88.jpg 88w, https:\/\/hudeltage.de\/wp-content\/uploads\/2019\/08\/kanu_1-150x150.jpg 150w\" sizes=\"auto, (max-width: 75px) 100vw, 75px\" \/><\/a><\/div><div class=\"upl-post-title\"><a href=\"https:\/\/hudeltage.de\/?p=349\">Skutari See<\/a><\/div><\/li>\n<li><div class=\"upl-post-thumbnail\"><a href=\"https:\/\/hudeltage.de\/?p=393\"><img loading=\"lazy\" decoding=\"async\" width=\"75\" height=\"75\" src=\"https:\/\/hudeltage.de\/wp-content\/uploads\/2019\/08\/lovcen_1-88x88.jpg\" class=\"attachment-75x75 size-75x75 wp-post-image\" alt=\"\" srcset=\"https:\/\/hudeltage.de\/wp-content\/uploads\/2019\/08\/lovcen_1-88x88.jpg 88w, https:\/\/hudeltage.de\/wp-content\/uploads\/2019\/08\/lovcen_1-150x150.jpg 150w\" sizes=\"auto, (max-width: 75px) 100vw, 75px\" \/><\/a><\/div><div class=\"upl-post-title\"><a href=\"https:\/\/hudeltage.de\/?p=393\">Lov\u0107en, Bucht von Kotor und Trebinje<\/a><\/div><\/li>\n<\/ul>\n<\/div>\n\n","protected":false},"excerpt":{"rendered":"","protected":false},"author":1,"featured_media":0,"parent":0,"menu_order":0,"comment_status":"closed","ping_status":"closed","template":"","meta":{"jetpack_post_was_ever_published":false,"footnotes":""},"class_list":["post-241","page","type-page","status-publish","hentry"],"jetpack_sharing_enabled":true,"_links":{"self":[{"href":"https:\/\/hudeltage.de\/index.php?rest_route=\/wp\/v2\/pages\/241","targetHints":{"allow":["GET"]}}],"collection":[{"href":"https:\/\/hudeltage.de\/index.php?rest_route=\/wp\/v2\/pages"}],"about":[{"href":"https:\/\/hudeltage.de\/index.php?rest_route=\/wp\/v2\/types\/page"}],"author":[{"embeddable":true,"href":"https:\/\/hudeltage.de\/index.php?rest_route=\/wp\/v2\/users\/1"}],"replies":[{"embeddable":true,"href":"https:\/\/hudeltage.de\/index.php?rest_route=%2Fwp%2Fv2%2Fcomments&post=241"}],"version-history":[{"count":2,"href":"https:\/\/hudeltage.de\/index.php?rest_route=\/wp\/v2\/pages\/241\/revisions"}],"predecessor-version":[{"id":327,"href":"https:\/\/hudeltage.de\/index.php?rest_route=\/wp\/v2\/pages\/241\/revisions\/327"}],"wp:attachment":[{"href":"https:\/\/hudeltage.de\/index.php?rest_route=%2Fwp%2Fv2%2Fmedia&parent=241"}],"curies":[{"name":"wp","href":"https:\/\/api.w.org\/{rel}","templated":true}]}}